{"id":11,"date":"2024-04-29T15:00:26","date_gmt":"2024-04-29T15:00:26","guid":{"rendered":"https:\/\/www.rlc.rs\/?page_id=11"},"modified":"2025-03-19T10:29:45","modified_gmt":"2025-03-19T09:29:45","slug":"usluge","status":"publish","type":"page","link":"https:\/\/rlc.rs\/sr\/usluge\/","title":{"rendered":"Usluge"},"content":{"rendered":"\n<p class=\"has-custom-color-1-color has-text-color has-link-color has-large-font-size wp-elements-1588b7b7ac9b328b9afd81fcbd4cbeac\">\u0161irok spektar usluga, za sve va\u0161e potrebe.<\/p>\n\n\n\n<p>Nudimo kompleksne logisti\u010dke usluge visokog kvaliteta koje povezuju klijente \u0161irom sveta, osiguravaju\u0107i sigurnost, brzinu i pouzdanost u svakoj fazi transporta.<\/p>\n\n\n\n<div class=\"wp-block-group is-nowrap is-layout-flex wp-container-core-group-is-layout-6c531013 wp-block-group-is-layout-flex\">\n<figure class=\"wp-block-image size-full is-resized\"><img loading=\"lazy\" decoding=\"async\" width=\"1024\" height=\"1024\" src=\"https:\/\/rlc.rs\/wp-content\/uploads\/Individual_services.jpg\" alt=\"Individual_services AI-Gen,NoOwnership\" class=\"wp-image-168\" style=\"width:210px\" srcset=\"https:\/\/rlc.rs\/wp-content\/uploads\/Individual_services.jpg 1024w, https:\/\/rlc.rs\/wp-content\/uploads\/Individual_services-300x300.jpg 300w, https:\/\/rlc.rs\/wp-content\/uploads\/Individual_services-150x150.jpg 150w, https:\/\/rlc.rs\/wp-content\/uploads\/Individual_services-768x768.jpg 768w\" sizes=\"auto, (max-width: 1024px) 100vw, 1024px\" \/><\/figure>\n\n\n\n<p class=\"has-custom-color-1-color has-text-color has-link-color wp-elements-c921f7bd05a1a6da7c1e5e7352c4e7ec\"><strong><strong>Individualne usluge<\/strong><\/strong><\/p>\n<\/div>\n\n\n\n<p>Pru\u017eamo pomoc u potrazi za pouzdanim partnerima van va\u0161e mati\u010dne zemlje, uklju\u010dujuci organizovanje poslovnih putovanja, pregovore i pru\u017eanje usluga pratnje, prevoda i tuma\u010denja tokom va\u0161ih putovanja. Nudimo i pomoc pri sklapanju poslova, dogovaranju porud\u017ebina i drugim srodnim poslovima, kao i podr\u0161ku pri potpisivanju ugovora i pru\u017eanju informacija tokom celog procesa.<\/p>\n\n\n\n<p>Pored toga, omogucavamo direktnu komunikaciju izme\u0111u vas i ugovara\u010da\/primaoca u inostranstvu preko jednog od na\u0161ih agenata. Na\u0161e usluge obuhvataju i prijem robe iz skladi\u0161ta izvo\u0111a\u010da i obradu sve pratece dokumentacije.<\/p>\n\n\n\n<p>Tako\u0111e nudimo \u010ditav spektar usluga vezanih za zakazivanje i nabavku robe, kao i njenu isporuku.<\/p>\n\n\n\n<div class=\"wp-block-group is-nowrap is-layout-flex wp-container-core-group-is-layout-6c531013 wp-block-group-is-layout-flex\">\n<p class=\"has-custom-color-1-color has-text-color has-link-color wp-elements-f1639743bc1f31a67e8d6ebe99681358\"><strong><strong><strong>Kopneni Transport<\/strong><\/strong><\/strong><\/p>\n<\/div>\n\n\n\n<p>\u2013 Obi\u010dni teret, teret sa punim teretom prikolice (FTL), teret sa delimi\u010dnim teretom (LTL) i konsolidovani teret.<br>\u2013 Kontejnerski teret.<br>\u2013 Roba koja zahteva hla\u0111enje (hladnja\u010de).<br>\u2013 Opasan teret (ADR\/IMO), uklju\u010dujuci obradu sve pratece dokumentacije.<br>\u2013 Opasni teret koji zahteva hla\u0111enje, uklju\u010dujuci i obradu sve tra\u017eene i pratece dokumentacije.<br>\u2013 Ekspresna dostava, koja je kurirska usluga dostupna za male (kompaktne) terete do 15 kubnih metara.<\/p>\n\n\n\n<p>Vredan teret, koji obezbe\u0111uje oru\u017eanu bezbednosnu pratnju za transport tereta na teritoriji zemlji koje su daleko od na\u0161e granice.<\/p>\n\n\n\n<div class=\"wp-block-group is-nowrap is-layout-flex wp-container-core-group-is-layout-6c531013 wp-block-group-is-layout-flex\">\n<figure class=\"wp-block-image size-full is-resized\"><img loading=\"lazy\" decoding=\"async\" width=\"1024\" height=\"376\" src=\"https:\/\/rlc.rs\/wp-content\/uploads\/Sea.jpg\" alt=\"SeaFracht AI-Gen,NoOwnership\" class=\"wp-image-173\" style=\"width:210px\" srcset=\"https:\/\/rlc.rs\/wp-content\/uploads\/Sea.jpg 1024w, https:\/\/rlc.rs\/wp-content\/uploads\/Sea-300x110.jpg 300w, https:\/\/rlc.rs\/wp-content\/uploads\/Sea-768x282.jpg 768w\" sizes=\"auto, (max-width: 1024px) 100vw, 1024px\" \/><\/figure>\n\n\n\n<p class=\"has-custom-color-1-color has-text-color has-link-color wp-elements-a0877a9d07f9e863dea7e4a2b235354a\"><strong>Okeanski Transport<\/strong><\/p>\n<\/div>\n\n\n\n<p class=\"has-custom-color-1-color has-text-color has-link-color wp-elements-ad17824943b9bfe2e2b6f36736318c01\"><strong>FCL (puno opterecenje kontejnera):<\/strong><\/p>\n\n\n\n<p>Za\u0161to isporuka kontejnera ima smisla? Puno opterecenje kontejnera, a to je isporuka tereta u kontejnerima, istovremeno \u0161tedi tro\u0161kove iz nekoliko va\u017enih razloga.<br>\u2013 Kontejnerska isporuka omogucava \u0161to \u010dvr\u0161ce pakovanje robe, maksimalno iskori\u0161cavajuci sav raspolo\u017eivi prostor.<br>\u2013 Oceanfreight FCL je znatno jeftiniji od bilo kog drugog prevoznog sredstva.<br>\u2013 Upotreba kontejnera pojednostavljuje utovar i istovar robe na brodovima na kojima se prevozi, kao i prilikom isporuke robe na odredi\u0161te.<\/p>\n\n\n\n<p class=\"has-custom-color-1-color has-text-color has-link-color wp-elements-d5561a4f783d1625c57fb99b7a013044\"><strong>LCL (opterecenje manje od kontejnera):<\/strong><\/p>\n\n\n\n<p>LCL nije pun kontejner ili sakupljeni teret. To je ekonomi\u010dnije i istovremeno zahtevnije sredstvo me\u0111unarodnog transporta. Za klijente koji otpremaju malu koli\u010dinu robe koja nije dovoljna za punjenje celog kontejnera, ovo je najbolja opcija. Nije bitno da li se teret uvozi ili izvozi; opcija LCL (sakupljeni teret) mo\u017ee zna\u010dajno smanjiti va\u0161e tro\u0161kove transporta.<\/p>\n\n\n\n<p class=\"has-custom-color-1-color has-text-color has-link-color wp-elements-2f1e0cf2d649850e5ce1d09c7ac5a321\"><strong>Kombinovani teret:<\/strong><\/p>\n\n\n\n<p>Kombinovani transport se odnosi na domaci ili me\u0111unarodni transport putem razli\u010ditih vrsta \u0161pedicije. Teret putuje do odredi\u0161ta sa dva ili vi\u0161e prevoznih sredstava na osnovu jednog ugovora. Kombinovani teretni prevoz se razlikuje po kombinovanim teretnim vezama koje se obavljaju razli\u010ditim transportnim sredstvima, uklju\u010dujuci \u017eeleznicu, put, okean i vazduh.<\/p>\n\n\n\n<div class=\"wp-block-group is-nowrap is-layout-flex wp-container-core-group-is-layout-6c531013 wp-block-group-is-layout-flex\">\n<figure class=\"wp-block-image size-full is-resized\"><img loading=\"lazy\" decoding=\"async\" width=\"1024\" height=\"1024\" src=\"https:\/\/rlc.rs\/wp-content\/uploads\/AirCargo.jpeg\" alt=\"AirCargo, AI-Gen,NoOwnership\" class=\"wp-image-201\" style=\"width:210px\" srcset=\"https:\/\/rlc.rs\/wp-content\/uploads\/AirCargo.jpeg 1024w, https:\/\/rlc.rs\/wp-content\/uploads\/AirCargo-300x300.jpeg 300w, https:\/\/rlc.rs\/wp-content\/uploads\/AirCargo-150x150.jpeg 150w, https:\/\/rlc.rs\/wp-content\/uploads\/AirCargo-768x768.jpeg 768w\" sizes=\"auto, (max-width: 1024px) 100vw, 1024px\" \/><\/figure>\n\n\n\n<p class=\"has-custom-color-1-color has-text-color has-link-color wp-elements-aa17d23be4e19951da52dd52972f5b09\"><strong><strong>Avionski Transport<\/strong><\/strong><\/p>\n<\/div>\n\n\n\n<p>Prevoz tereta na direktnim letovima avio kargo kompanija koje su \u010dlanice IATA na svim rutama \u0161irom sveta.&nbsp;<\/p>\n\n\n\n<p class=\"has-custom-color-1-color has-text-color has-link-color wp-elements-d5e9bc1be8f19df887814e68abdd7ae7\"><strong>Prevoz opasnih materija (DGR):<\/strong><\/p>\n\n\n\n<p>Glavna prednost kojom se hvale avio kargo kompanije je njihova brzina. Pored toga, avioni nemaju ograni\u010denja, a tamo gde automobil ili voz ne mogu da idu, avion mo\u017ee da isporu\u010di teret.<\/p>\n\n\n\n<p>\u010carter let (pun ili delimi\u010dan teret):<\/p>\n\n\n\n<p>\u010carter avio prevoz je izuzetno dragocen u ovom dobu sve bli\u017eih me\u0111unarodnih ekonomskih odnosa. U situacijama kada postoji hitna potreba za otpremom tereta u te\u0161ko pristupa\u010dno podru\u010dje ili jednostavno zbog velike udaljenosti u zemljama ili drugom kontinentu, kargo \u010darter kompanije su nezamenljive.<\/p>\n\n\n\n<p class=\"has-custom-color-1-color has-text-color has-link-color wp-elements-79b477c7c0b2d0784a1a8d03da94327f\"><strong>Prolazak kroz carinu:<\/strong><\/p>\n\n\n\n<p>Me\u0111unarodna vazdu\u0161na \u0161pedicija mora biti ocarinjena, \u0161to se vr\u0161i carinskom deklaracijom i placanjem svih taksi i da\u017ebina.<\/p>\n\n\n\n<p class=\"has-custom-color-1-color has-text-color has-link-color wp-elements-311039cdcf5d3acf48a898ac3fbf3405\"><strong>AWB \u2013 Vazdu\u0161ni tovarni list u skladu sa propisima:<\/strong><\/p>\n\n\n\n<p>AWB je glavni dokument koji sadr\u017ei potrebne informacije o teretu koji se transportuje. AVB uvek prati teret koji predstavlja i slu\u017ei kao potvrda \u010dinjenice da se teret transportuje.<\/p>\n\n\n\n<p class=\"has-custom-color-1-color has-text-color has-link-color wp-elements-27ec307e73a8dc8e845ada82754bee93\"><\/p>\n\n\n\n<p>Direktan IATA saobracaj je dostupan za sve destinacije \u0161irom sveta, uklju\u010dujuci:<\/p>\n\n\n\n<p>\u2013 DRG po\u0161iljke,<br>\u2013 Direktni i delimi\u010dni \u010darter,<br>\u2013 Carinsku obradu,<br>\u2013 Izdavanje avio-tovarnog lista (AVB) u skladu sa va\u017eecim propisima<br><\/p>\n\n\n\n<div class=\"wp-block-group is-nowrap is-layout-flex wp-container-core-group-is-layout-6c531013 wp-block-group-is-layout-flex\">\n<figure class=\"wp-block-image size-full is-resized\"><img loading=\"lazy\" decoding=\"async\" width=\"1024\" height=\"1024\" src=\"https:\/\/rlc.rs\/wp-content\/uploads\/Car_Transportation.jpg\" alt=\"Car_Transportation ,AI-Gen,NoOwnership\" class=\"wp-image-169\" style=\"width:210px\" srcset=\"https:\/\/rlc.rs\/wp-content\/uploads\/Car_Transportation.jpg 1024w, https:\/\/rlc.rs\/wp-content\/uploads\/Car_Transportation-300x300.jpg 300w, https:\/\/rlc.rs\/wp-content\/uploads\/Car_Transportation-150x150.jpg 150w, https:\/\/rlc.rs\/wp-content\/uploads\/Car_Transportation-768x768.jpg 768w\" sizes=\"auto, (max-width: 1024px) 100vw, 1024px\" \/><\/figure>\n\n\n\n<p class=\"has-custom-color-1-color has-text-color has-link-color wp-elements-94ac464497993524da8fb503bb95da3a\"><strong><strong><strong>Transport Automobila<\/strong><\/strong><\/strong><\/p>\n<\/div>\n\n\n\n<p>Slanje automobila kupljenih u EU u Srbiju je pouzdanije i bezbednije kada se vr\u0161i kori\u0161cenjem auto transportera. Ovaj na\u010din transporta poznat je po brzoj i pouzdanoj usluzi i po tome \u0161to nudi idealan odnos cene i kvaliteta. Za ekskluzivna i sportska vozila, pokriveni autotransporter je najbolja opcija.<\/p>\n\n\n\n<p>Ukoliko je po\u0161iljka hitna, na\u0161a agencija nudi uslugu transporta avionom u udaljene regione u celom svetu. Zna\u010dajan faktor u\u0161tede vremena je glavna prednost kori\u0161cenja vazdu\u0161nog tereta.<\/p>\n\n\n\n<p>Za transport vozila, ono se utovaruje u tovarni prostor, tovarni prostor ili tovarni deo i fiksira se na posebnu platformu koja spre\u010dava svako kretanje vozila pri poletanju i sletanju.<\/p>\n\n\n\n<p>Za VIP prevoz luksuznih vozila nudimo individualna re\u0161enja prilago\u0111ena va\u0161im zahtevima. Na\u0161e iskustvo i talenat nam omogucavaju da bezbedno i sa najvecom pa\u017enjom isporu\u010dimo va\u0161a vozila na odredi\u0161te.<\/p>\n\n\n\n<div class=\"wp-block-group is-nowrap is-layout-flex wp-container-core-group-is-layout-6c531013 wp-block-group-is-layout-flex\">\n<figure class=\"wp-block-image size-full is-resized\"><img loading=\"lazy\" decoding=\"async\" width=\"1024\" height=\"1024\" src=\"https:\/\/rlc.rs\/wp-content\/uploads\/OversizedCargo.jpeg\" alt=\"OversizedCargo, AI-Gen,NoOwnership\" class=\"wp-image-204\" style=\"width:210px\" srcset=\"https:\/\/rlc.rs\/wp-content\/uploads\/OversizedCargo.jpeg 1024w, https:\/\/rlc.rs\/wp-content\/uploads\/OversizedCargo-300x300.jpeg 300w, https:\/\/rlc.rs\/wp-content\/uploads\/OversizedCargo-150x150.jpeg 150w, https:\/\/rlc.rs\/wp-content\/uploads\/OversizedCargo-768x768.jpeg 768w\" sizes=\"auto, (max-width: 1024px) 100vw, 1024px\" \/><\/figure>\n\n\n\n<p class=\"has-custom-color-1-color has-text-color has-link-color wp-elements-5560343b32db2b013f64f5af109a0127\"><strong><strong><strong><strong>Me\u0111unarodni transport vangabaritnih tereta<\/strong><\/strong><\/strong><\/strong><\/p>\n<\/div>\n\n\n\n<p>Vangabaritni teret se odnosi na teret koji prema\u0161uje mere dozvoljene saobracajnim normama.<\/p>\n\n\n\n<p>Ova vrsta tereta obi\u010dno uklju\u010duje razli\u010ditu opremu, specijalnu tehnologiju i gra\u0111evinske konstrukcije koje je te\u0161ko uklopiti u standardna vozila, kao \u0161to su jahte, \u010damci, dizalice, gasne turbine, kotlovi, bageri i liftovi. Ovi predmeti se odlikuju svojim jedinstvenim merama, oblicima i te\u017einom.<\/p>\n\n\n\n<p>Prilikom transporta vangabaritnog tereta, klju\u010dno je razmotriti svaki detalj i preduzeti odgovarajuce mere. Na\u0161a kompanija nudi sveobuhvatan spektar usluga kako bi se osigurala sigurna isporuka bilo kog vangabaritnog tereta.<\/p>\n\n\n\n<div class=\"wp-block-group is-nowrap is-layout-flex wp-container-core-group-is-layout-6c531013 wp-block-group-is-layout-flex\">\n<figure class=\"wp-block-image size-full is-resized\"><img loading=\"lazy\" decoding=\"async\" width=\"1024\" height=\"1024\" src=\"https:\/\/rlc.rs\/wp-content\/uploads\/Refrigerator.jpeg\" alt=\"Refrigerator, AI-Gen,NoOwnership\" class=\"wp-image-197\" style=\"width:210px\" srcset=\"https:\/\/rlc.rs\/wp-content\/uploads\/Refrigerator.jpeg 1024w, https:\/\/rlc.rs\/wp-content\/uploads\/Refrigerator-300x300.jpeg 300w, https:\/\/rlc.rs\/wp-content\/uploads\/Refrigerator-150x150.jpeg 150w, https:\/\/rlc.rs\/wp-content\/uploads\/Refrigerator-768x768.jpeg 768w\" sizes=\"auto, (max-width: 1024px) 100vw, 1024px\" \/><\/figure>\n\n\n\n<p class=\"has-custom-color-1-color has-text-color has-link-color wp-elements-d1d12ad2561c3bbdf936489fc26fc3cb\"><strong><strong><strong><strong><strong>Transport sa temperaturnim re\u017eimom<\/strong><\/strong><\/strong><\/strong><\/strong><\/p>\n<\/div>\n\n\n\n<p>Postoje odre\u0111ene vrste tereta koje zahtevaju odre\u0111ene temperature za transport. Takvi tereti uklju\u010duju konditorske proizvode, \u010dokoladu, voce, povrce, rashla\u0111ene morske plodove, mesne proizvode, smrznute proizvode, opasnu robu i hemikalije.&nbsp;<\/p>\n\n\n\n<p>Prevoz ovih tereta zahteva upotrebu specijalizovane opreme i vozila. RLC nudi kamione-hladnja\u010de opremljene tehnologijom regulacije temperature koja mo\u017ee da odr\u017eava i iznad i ispod nule temperature.<\/p>\n\n\n\n<div class=\"wp-block-group is-nowrap is-layout-flex wp-container-core-group-is-layout-6c531013 wp-block-group-is-layout-flex\">\n<figure class=\"wp-block-image size-full is-resized\"><img loading=\"lazy\" decoding=\"async\" width=\"1024\" height=\"1024\" src=\"https:\/\/rlc.rs\/wp-content\/uploads\/Express.jpeg\" alt=\"Express Delivery, AI-Gen,NoOwnership\" class=\"wp-image-195\" style=\"width:210px\" srcset=\"https:\/\/rlc.rs\/wp-content\/uploads\/Express.jpeg 1024w, https:\/\/rlc.rs\/wp-content\/uploads\/Express-300x300.jpeg 300w, https:\/\/rlc.rs\/wp-content\/uploads\/Express-150x150.jpeg 150w, https:\/\/rlc.rs\/wp-content\/uploads\/Express-768x768.jpeg 768w\" sizes=\"auto, (max-width: 1024px) 100vw, 1024px\" \/><\/figure>\n\n\n\n<p class=\"has-custom-color-1-color has-text-color has-link-color wp-elements-df66709b0f0d89d48f6042eaa4bd84f4\"><strong>Kurirske usluge sa brzom dostavom<\/strong><\/p>\n<\/div>\n\n\n\n<p><\/p>\n\n\n\n<p>Kurirske usluge \u2013 brze, efikasne ekspresne po\u0161iljke do bilo koje destinacije u Evropi (uklju\u010duju\u0107i zemlje koje su daleko od na\u0161e granice), najcentralniji aerodrom u Evropi za kargo letove.<\/p>\n\n\n\n<p>RLC ima specijalna dispe\u010derska vozila za isporuku robe na bilo koju destinaciju u Evropi, uklju\u010duju\u0107i zemlje koje su daleko od na\u0161e granice, zemlje koje su daleko od na\u0161e granice i Balti\u010dke dr\u017eave. Ekspresne kurirske usluge su odli\u010dna alternativa (i \u010desto jeftinija) za slanje malih paketa ili vredne robe avionom.<\/p>\n\n\n\n<p>Ova usluga od vrata do vrata mo\u017ee tako\u0111e uklju\u010diti carinjenje, ako to klijent zahteva. Teret se istim vozilom prenosi sa aerodroma do krajnjeg odredi\u0161ta. Preduze\u0107e ima namenjena vozila za prevoz robe do 15 kubnih metara i maksimalne te\u017eine 1100 kg.<\/p>\n\n\n\n<p>konvencijom (me\u0111unarodna konvencija za transport robe). Roba se mo\u017ee<br>osigurati do pune vrednosti, po zahtevu klijenta.<\/p>\n\n\n\n<p class=\"has-contrast-3-color has-text-color has-link-color wp-elements-146222d9a08bb08e44d4cfac42918140\"><strong>Prednosti:<\/strong><\/p>\n\n\n\n<p>Finansijski isplativo \u2013 ekspresne kurirske usluge u unutra\u0161njosti \u010desto su jeftinije od avio transporta. Ova usluga je posebno vredna za volumetrijsku robu.<br>Bezbednije \u2013 Usluga se smatra bezbednijom nego prikolicom i omogucava prevoz vredne robe.<br>Br\u017ee \u2013 Vreme isporuke je bar jednako brzo kao i avionski teret, a za neke destinacije \u010dak i br\u017ee.<br>Efikasno \u2013 Kada se roba prikupi, isto odre\u0111eno vozilo je transportuje do kona\u010dnog odredi\u0161ta. <br>Fleksibilan \u2013 Mo\u017ee da transportuje teret do 180 cm visine.<br><\/p>\n\n\n\n<div class=\"wp-block-group is-nowrap is-layout-flex wp-container-core-group-is-layout-6c531013 wp-block-group-is-layout-flex\">\n<figure class=\"wp-block-image size-full is-resized\"><img loading=\"lazy\" decoding=\"async\" width=\"1024\" height=\"1024\" src=\"https:\/\/rlc.rs\/wp-content\/uploads\/WareHouse.jpg\" alt=\"WareHouse ,AI-Gen,NoOwnership\" class=\"wp-image-171\" style=\"width:210px\" srcset=\"https:\/\/rlc.rs\/wp-content\/uploads\/WareHouse.jpg 1024w, https:\/\/rlc.rs\/wp-content\/uploads\/WareHouse-300x300.jpg 300w, https:\/\/rlc.rs\/wp-content\/uploads\/WareHouse-150x150.jpg 150w, https:\/\/rlc.rs\/wp-content\/uploads\/WareHouse-768x768.jpg 768w\" sizes=\"auto, (max-width: 1024px) 100vw, 1024px\" \/><\/figure>\n\n\n\n<p class=\"has-custom-color-1-color has-text-color has-link-color wp-elements-e3411829e70c5c7ac050e809bb20f0fd\"><strong><strong><strong>Skladi\u0161tenje<\/strong><\/strong><\/strong><\/p>\n<\/div>\n\n\n\n<p>Asortiman usluga koje pru\u017ea na\u0161a kompanija uklju\u010duje:<\/p>\n\n\n\n<p>\u2013 Privremeno skladi\u0161tenje tereta u depoima u Nema\u010dkoj, Italiji, Kini i Francuskoj.<br>\u2013 Usluge dugoro\u010dnog i kratkoro\u010dnog skladi\u0161tenja.<br>\u2013 Carinska skladi\u0161ta pri carinskim organima \u2013 skladi\u0161tenje robe do placanja poreza i carine, pri \u010demu rok i koli\u010dinu robe za carinjenje odre\u0111uje naru\u010dilac.<br>\u2013 Skladi\u0161tenje, inventarizacija, distribucija i isporuka robe po zahtevu klijenta.<br>\u2013 Objedinjavanje tereta (konsolidacija) \u2013 transport tereta iz raznih delova Evrope.<br>\u2013 Klasifikacija tereta \u2013 prikupljanje robe, njihova dostava i sortiranje, a zatim otprema na odgovarajuca krajnja odredi\u0161ta.<br>\u2013 Vaganje, obele\u017eavanje, savremene usluge pakovanja i sl. Logisti\u010dka re\u0161enja po meri klijenta.<\/p>\n\n\n\n<div class=\"wp-block-group is-nowrap is-layout-flex wp-container-core-group-is-layout-6c531013 wp-block-group-is-layout-flex\">\n<figure class=\"wp-block-image size-full is-resized\"><img loading=\"lazy\" decoding=\"async\" width=\"1024\" height=\"1024\" src=\"https:\/\/rlc.rs\/wp-content\/uploads\/Paperwork.jpg\" alt=\"Paperwork,AI-Gen,NoOwnership\" class=\"wp-image-172\" style=\"width:210px\" srcset=\"https:\/\/rlc.rs\/wp-content\/uploads\/Paperwork.jpg 1024w, https:\/\/rlc.rs\/wp-content\/uploads\/Paperwork-300x300.jpg 300w, https:\/\/rlc.rs\/wp-content\/uploads\/Paperwork-150x150.jpg 150w, https:\/\/rlc.rs\/wp-content\/uploads\/Paperwork-768x768.jpg 768w\" sizes=\"auto, (max-width: 1024px) 100vw, 1024px\" \/><\/figure>\n\n\n\n<p class=\"has-custom-color-1-color has-text-color has-link-color wp-elements-8104e4188b58d466d0c9b24eac2ada52\"><strong><strong><strong><strong><strong><strong>Osiguranje i carina<\/strong><\/strong><\/strong><\/strong><\/strong><\/strong><\/p>\n<\/div>\n\n\n\n<p>Dok su carinske procedure u Evropi relativno jednostavne, to se ne mo\u017ee re\u0107i za zemlje koje su daleko od na\u0161e granice, koje mu\u010de brojni birokratski izazovi. Mnoga preduze\u0107a nisu u stanju da samostalno upravljaju slo\u017eeno\u0161\u0107u carinjenja, jer ovaj zadatak zahteva stru\u010dnost, znanje i profesionalnu pripremu.<\/p>\n\n\n\n<p>Na\u0161a kompanija nudi pouzdane i profesionalne usluge carinjenja, uklju\u010duju\u0107i carinsku obradu uvoznih i izvoznih tereta. Tako\u0111e pru\u017eamo pomo\u0107 pri popunjavanju carinskih deklaracija, sertifikata o poreklu i usagla\u0161enosti, kao i sve druge potrebne dokumentacije.<\/p>\n\n\n\n<p>Kopnena \u0161pedicija se vr\u0161i prema CMR konvenciji \u2013 me\u0111unarodnoj konvenciji koja reguli\u0161e \u0161pediciju drumskim \u2013 teretnim osiguranjem koja garantuje nadoknadu u slu\u010daju \u0161tete od osiguranja, o\u0161te\u0107enja robe u transportu, a sve u skladu sa navedenom konvencijom.<\/p>\n\n\n\n<p>Na zahtev klijenta roba se mo\u017ee osigurati na punu vrednost.<\/p>\n","protected":false},"excerpt":{"rendered":"<p>\u0161irok spektar usluga, za sve va\u0161e potrebe. Nudimo kompleksne logisti\u010dke usluge visokog kvaliteta koje povezuju klijente \u0161irom sveta, osiguravaju\u0107i sigurnost, brzinu i pouzdanost u svakoj fazi transporta. Individualne usluge Pru\u017eamo pomoc u potrazi za pouzdanim partnerima van va\u0161e mati\u010dne zemlje, uklju\u010dujuci organizovanje poslovnih putovanja, pregovore i pru\u017eanje usluga pratnje, prevoda i tuma\u010denja tokom va\u0161ih putovanja. [&hellip;]<\/p>\n","protected":false},"author":1,"featured_media":0,"parent":0,"menu_order":0,"comment_status":"closed","ping_status":"closed","template":"","meta":{"footnotes":""},"class_list":["post-11","page","type-page","status-publish","hentry"],"_links":{"self":[{"href":"https:\/\/rlc.rs\/sr\/wp-json\/wp\/v2\/pages\/11","targetHints":{"allow":["GET"]}}],"collection":[{"href":"https:\/\/rlc.rs\/sr\/wp-json\/wp\/v2\/pages"}],"about":[{"href":"https:\/\/rlc.rs\/sr\/wp-json\/wp\/v2\/types\/page"}],"author":[{"embeddable":true,"href":"https:\/\/rlc.rs\/sr\/wp-json\/wp\/v2\/users\/1"}],"replies":[{"embeddable":true,"href":"https:\/\/rlc.rs\/sr\/wp-json\/wp\/v2\/comments?post=11"}],"version-history":[{"count":1,"href":"https:\/\/rlc.rs\/sr\/wp-json\/wp\/v2\/pages\/11\/revisions"}],"predecessor-version":[{"id":269,"href":"https:\/\/rlc.rs\/sr\/wp-json\/wp\/v2\/pages\/11\/revisions\/269"}],"wp:attachment":[{"href":"https:\/\/rlc.rs\/sr\/wp-json\/wp\/v2\/media?parent=11"}],"curies":[{"name":"wp","href":"https:\/\/api.w.org\/{rel}","templated":true}]}}