{"id":13,"date":"2024-04-30T06:55:45","date_gmt":"2024-04-30T06:55:45","guid":{"rendered":"https:\/\/www.rlc.rs\/?page_id=13"},"modified":"2024-05-01T08:35:07","modified_gmt":"2024-05-01T08:35:07","slug":"o-nama","status":"publish","type":"page","link":"https:\/\/rlc.rs\/sr\/o-nama\/","title":{"rendered":"O nama"},"content":{"rendered":"\n<p class=\"has-custom-color-1-color has-text-color has-link-color has-large-font-size wp-elements-36b285a374b06f20133d73b3357324a0\"><strong>U srcu globalne trgovine, mi smo va\u0161 logisti\u010dki partner od poverenja.<\/strong><\/p>\n\n\n\n<p>Saznajte vi\u0161e o na\u0161im uslugama, na\u0161em timu i kako mo\u017eemo da vam pomognemo u ostvarenju va\u0161ih logisti\u010dkih ciljeva.<\/p>\n\n\n\n<p class=\"has-custom-color-1-color has-text-color has-link-color wp-elements-59e7e309e11bf5077d0abfa411a98008\"><strong>Pouzdanost<\/strong><\/p>\n\n\n\n<p>Ispunjavamo na\u0161e obaveze i garantujemo da su va\u0161e logisti\u010dke potrebe ispunjene sa najve\u0107om pa\u017enjom i precizno\u0161\u0107u.<\/p>\n\n\n\n<p class=\"has-custom-color-1-color has-text-color has-link-color wp-elements-e455dd58a5e6cf26c0fa0aa2cffecc40\"><strong>Efikasnost<\/strong><\/p>\n\n\n\n<p>Trudimo se da optimizujemo svaki aspekt na\u0161ih logisti\u010dkih operacija kako bi roba stigla uvek na vreme.<\/p>\n\n\n\n<p class=\"has-custom-color-1-color has-text-color has-link-color wp-elements-b54bea685f593fd6eede7085e8cb5d68\"><strong>Inovativnost<\/strong><\/p>\n\n\n\n<p>Inovativnost je klju\u010d, konstantno pronalazimo nove na\u010dine da pobolj\u0161amo na\u0161e logisti\u010dke usluge<\/p>\n\n\n\n<p class=\"has-text-align-center has-custom-color-1-color has-text-color has-link-color has-large-font-size wp-elements-6137aa63ab331cc72770217b1ddb1ad8\"><strong>Pouzdana logistika &#8211; dokazan uspeh<\/strong><\/p>\n\n\n\n<p class=\"has-text-align-center has-text-color has-link-color has-large-font-size wp-elements-4c00eef70d4e13ec3e964f086b90942c\" style=\"color:#f39dfb\">Donosimo vam uspeh kroz stru\u010dna logisti\u010dka re\u0161enja.<\/p>\n\n\n\n<p>Mi smo stru\u010dnjaci za logistiku koji su posve\u0107eni pru\u017eanju najboljih logisti\u010dkih usluga u Srbiji i \u0161irom sveta.<br>Sa bogatim iskustvom u transportu robe, razumemo izazove sa kojima se susre\u0107u na\u0161i klijenti i trudimo se da im pru\u017eimo najbolje mogu\u0107e re\u0161enje.<\/p>\n\n\n\n<p>Na\u0161 tim \u010dine stru\u010dnjaci sa dugogodi\u0161njim iskustvom u logistici, spremni da vam pomognu da optimizujete va\u0161e poslovanje i obezbedite da va\u0161a roba stigne na vreme i bez problema. Pru\u017eamo \u0161irok spektar logisti\u010dkih usluga, uklju\u010duju\u0107i transport, carinjenje, skladi\u0161tenje, i ostale koje su prilago\u0111ene va\u0161im potrebama.<\/p>\n\n\n\n<p>Poslovni koncept firme RLC je pru\u017eanje svih potrebnih usluga preko jedne pravne kompanije (\u201eIz jedne ruke\u201c).<\/p>\n\n\n\n<p class=\"has-text-align-left has-custom-color-1-color has-text-color has-link-color has-medium-font-size wp-elements-0eaad9f2117f7f8ea2ff2d8b5c3ebb7f\">Povezujemo vas sa svetom.<\/p>\n\n\n\n<p>Kao kompanija specijalizovana za automobilski i \u017eelezni\u010dki transport \u0161irom Evrope, na\u0161a transportna mre\u017ea povezuje sve glavne ekonomske regione u preko 30 evropskih zemalja.&nbsp;<\/p>\n\n\n\n<p>RLC olak\u0161ava me\u0111unarodnu razmenu dobara izme\u0111u industrijskih i komercijalnih preduzeca pru\u017eajuci usluge transporta do bilo koje lokacije u svetu, koristeci bilo koji neophodan vid transporta, uz prate\u0107e logisti\u010dke usluge.<\/p>\n\n\n\n<p>Na\u0161i integrisani logisti\u010dki centri, sme\u0161teni u centrima globalnog trgovinskog prometa, stvaraju efektivnu vezu izme\u0111u svih prevoznika, omogucavajuci nam da ponudimo \u0161irok spektar dodatnih usluga.<\/p>\n\n\n\n<p><\/p>\n","protected":false},"excerpt":{"rendered":"<p>U srcu globalne trgovine, mi smo va\u0161 logisti\u010dki partner od poverenja. Saznajte vi\u0161e o na\u0161im uslugama, na\u0161em timu i kako mo\u017eemo da vam pomognemo u ostvarenju va\u0161ih logisti\u010dkih ciljeva. Pouzdanost Ispunjavamo na\u0161e obaveze i garantujemo da su va\u0161e logisti\u010dke potrebe ispunjene sa najve\u0107om pa\u017enjom i precizno\u0161\u0107u. Efikasnost Trudimo se da optimizujemo svaki aspekt na\u0161ih logisti\u010dkih [&hellip;]<\/p>\n","protected":false},"author":1,"featured_media":0,"parent":0,"menu_order":0,"comment_status":"closed","ping_status":"closed","template":"","meta":{"footnotes":""},"class_list":["post-13","page","type-page","status-publish","hentry"],"_links":{"self":[{"href":"https:\/\/rlc.rs\/sr\/wp-json\/wp\/v2\/pages\/13","targetHints":{"allow":["GET"]}}],"collection":[{"href":"https:\/\/rlc.rs\/sr\/wp-json\/wp\/v2\/pages"}],"about":[{"href":"https:\/\/rlc.rs\/sr\/wp-json\/wp\/v2\/types\/page"}],"author":[{"embeddable":true,"href":"https:\/\/rlc.rs\/sr\/wp-json\/wp\/v2\/users\/1"}],"replies":[{"embeddable":true,"href":"https:\/\/rlc.rs\/sr\/wp-json\/wp\/v2\/comments?post=13"}],"version-history":[{"count":0,"href":"https:\/\/rlc.rs\/sr\/wp-json\/wp\/v2\/pages\/13\/revisions"}],"wp:attachment":[{"href":"https:\/\/rlc.rs\/sr\/wp-json\/wp\/v2\/media?parent=13"}],"curies":[{"name":"wp","href":"https:\/\/api.w.org\/{rel}","templated":true}]}}