{"id":15,"date":"2024-04-30T07:00:34","date_gmt":"2024-04-30T07:00:34","guid":{"rendered":"https:\/\/www.rlc.rs\/?page_id=15"},"modified":"2025-07-28T10:22:06","modified_gmt":"2025-07-28T08:22:06","slug":"kontakt","status":"publish","type":"page","link":"https:\/\/rlc.rs\/sr\/kontakt\/","title":{"rendered":"Kontakt"},"content":{"rendered":"\n<p><strong>RLC D.O.O.<\/strong><\/p>\n\n\n\n<p><strong>E-mail adresa:<\/strong> <a href=\"mailto:&#105;nfo.rl&#99;&#46;&#100;o&#111;&#64;gma&#105;&#108;&#46;&#99;&#111;&#109;\" title=\"&#105;nfo.rl&#99;&#46;&#100;o&#111;&#64;gma&#105;&#108;&#46;&#99;&#111;&#109;\">&#105;nfo.rl&#99;&#46;&#100;o&#111;&#64;gma&#105;&#108;&#46;&#99;&#111;&#109;<\/a><\/p>\n\n\n\n<p><strong>Adresa:<\/strong><br>Bra\u0107e Bad\u017eak 2, <br>11400 Mladenovac<br>Mati\u010dni broj: 2178793<br>PIB: 113008288<\/p>\n\n\n\n<p><strong>Kontakt osoba:<\/strong><\/p>\n\n\n\n<p>Aleksandar Matic<br>+381 64 5985854<\/p>\n","protected":false},"excerpt":{"rendered":"<p>RLC D.O.O. E-mail adresa: Adresa:Bra\u0107e Bad\u017eak 2, 11400 MladenovacMati\u010dni broj: 2178793PIB: 113008288 Kontakt osoba: Aleksandar Matic+381 64 5985854<\/p>\n","protected":false},"author":1,"featured_media":0,"parent":0,"menu_order":10,"comment_status":"closed","ping_status":"closed","template":"","meta":{"footnotes":""},"class_list":["post-15","page","type-page","status-publish","hentry"],"_links":{"self":[{"href":"https:\/\/rlc.rs\/sr\/wp-json\/wp\/v2\/pages\/15","targetHints":{"allow":["GET"]}}],"collection":[{"href":"https:\/\/rlc.rs\/sr\/wp-json\/wp\/v2\/pages"}],"about":[{"href":"https:\/\/rlc.rs\/sr\/wp-json\/wp\/v2\/types\/page"}],"author":[{"embeddable":true,"href":"https:\/\/rlc.rs\/sr\/wp-json\/wp\/v2\/users\/1"}],"replies":[{"embeddable":true,"href":"https:\/\/rlc.rs\/sr\/wp-json\/wp\/v2\/comments?post=15"}],"version-history":[{"count":1,"href":"https:\/\/rlc.rs\/sr\/wp-json\/wp\/v2\/pages\/15\/revisions"}],"predecessor-version":[{"id":271,"href":"https:\/\/rlc.rs\/sr\/wp-json\/wp\/v2\/pages\/15\/revisions\/271"}],"wp:attachment":[{"href":"https:\/\/rlc.rs\/sr\/wp-json\/wp\/v2\/media?parent=15"}],"curies":[{"name":"wp","href":"https:\/\/api.w.org\/{rel}","templated":true}]}}