{"id":206,"date":"2024-08-07T09:11:56","date_gmt":"2024-08-07T07:11:56","guid":{"rendered":"https:\/\/rlc.rs\/?page_id=206"},"modified":"2024-08-07T09:11:56","modified_gmt":"2024-08-07T07:11:56","slug":"individualne-usluge","status":"publish","type":"page","link":"https:\/\/rlc.rs\/sr\/usluge\/individualne-usluge\/","title":{"rendered":"Individualne usluge"},"content":{"rendered":"\n<div class=\"wp-block-group is-content-justification-center is-nowrap is-layout-flex wp-container-core-group-is-layout-23441af8 wp-block-group-is-layout-flex\">\n<figure class=\"wp-block-image size-full is-resized is-style-default\"><img loading=\"lazy\" decoding=\"async\" width=\"1024\" height=\"1024\" src=\"https:\/\/rlc.rs\/wp-content\/uploads\/Individual_services.jpg\" alt=\"Individual_services AI-Gen,NoOwnership\" class=\"wp-image-168\" style=\"width:210px\" srcset=\"https:\/\/rlc.rs\/wp-content\/uploads\/Individual_services.jpg 1024w, https:\/\/rlc.rs\/wp-content\/uploads\/Individual_services-300x300.jpg 300w, https:\/\/rlc.rs\/wp-content\/uploads\/Individual_services-150x150.jpg 150w, https:\/\/rlc.rs\/wp-content\/uploads\/Individual_services-768x768.jpg 768w\" sizes=\"auto, (max-width: 1024px) 100vw, 1024px\" \/><\/figure>\n<\/div>\n\n\n\n<p>Pru\u017eamo pomoc u potrazi za pouzdanim partnerima van va\u0161e mati\u010dne zemlje, uklju\u010dujuci organizovanje poslovnih putovanja, pregovore i pru\u017eanje usluga pratnje, prevoda i tuma\u010denja tokom va\u0161ih putovanja. Nudimo i pomoc pri sklapanju poslova, dogovaranju porud\u017ebina i drugim srodnim poslovima, kao i podr\u0161ku pri potpisivanju ugovora i pru\u017eanju informacija tokom celog procesa.<\/p>\n\n\n\n<p>Pored toga, omogucavamo direktnu komunikaciju izme\u0111u vas i ugovara\u010da\/primaoca u inostranstvu preko jednog od na\u0161ih agenata. Na\u0161e usluge obuhvataju i prijem robe iz skladi\u0161ta izvo\u0111a\u010da i obradu sve pratece dokumentacije.<\/p>\n\n\n\n<p>Tako\u0111e nudimo \u010ditav spektar usluga vezanih za zakazivanje i nabavku robe, kao i njenu isporuku.<\/p>\n","protected":false},"excerpt":{"rendered":"<p>Pru\u017eamo pomoc u potrazi za pouzdanim partnerima van va\u0161e mati\u010dne zemlje, uklju\u010dujuci organizovanje poslovnih putovanja, pregovore i pru\u017eanje usluga pratnje, prevoda i tuma\u010denja tokom va\u0161ih putovanja. Nudimo i pomoc pri sklapanju poslova, dogovaranju porud\u017ebina i drugim srodnim poslovima, kao i podr\u0161ku pri potpisivanju ugovora i pru\u017eanju informacija tokom celog procesa. Pored toga, omogucavamo direktnu komunikaciju [&hellip;]<\/p>\n","protected":false},"author":1,"featured_media":0,"parent":11,"menu_order":0,"comment_status":"closed","ping_status":"closed","template":"","meta":{"footnotes":""},"class_list":["post-206","page","type-page","status-publish","hentry"],"_links":{"self":[{"href":"https:\/\/rlc.rs\/sr\/wp-json\/wp\/v2\/pages\/206","targetHints":{"allow":["GET"]}}],"collection":[{"href":"https:\/\/rlc.rs\/sr\/wp-json\/wp\/v2\/pages"}],"about":[{"href":"https:\/\/rlc.rs\/sr\/wp-json\/wp\/v2\/types\/page"}],"author":[{"embeddable":true,"href":"https:\/\/rlc.rs\/sr\/wp-json\/wp\/v2\/users\/1"}],"replies":[{"embeddable":true,"href":"https:\/\/rlc.rs\/sr\/wp-json\/wp\/v2\/comments?post=206"}],"version-history":[{"count":1,"href":"https:\/\/rlc.rs\/sr\/wp-json\/wp\/v2\/pages\/206\/revisions"}],"predecessor-version":[{"id":207,"href":"https:\/\/rlc.rs\/sr\/wp-json\/wp\/v2\/pages\/206\/revisions\/207"}],"up":[{"embeddable":true,"href":"https:\/\/rlc.rs\/sr\/wp-json\/wp\/v2\/pages\/11"}],"wp:attachment":[{"href":"https:\/\/rlc.rs\/sr\/wp-json\/wp\/v2\/media?parent=206"}],"curies":[{"name":"wp","href":"https:\/\/api.w.org\/{rel}","templated":true}]}}