{"id":209,"date":"2024-08-07T09:12:04","date_gmt":"2024-08-07T07:12:04","guid":{"rendered":"https:\/\/rlc.rs\/?page_id=209"},"modified":"2025-03-19T10:13:42","modified_gmt":"2025-03-19T09:13:42","slug":"kopneni-transport","status":"publish","type":"page","link":"https:\/\/rlc.rs\/sr\/usluge\/kopneni-transport\/","title":{"rendered":"Kopneni Transport"},"content":{"rendered":"\n<div class=\"wp-block-group is-content-justification-center is-nowrap is-layout-flex wp-container-core-group-is-layout-23441af8 wp-block-group-is-layout-flex\"><\/div>\n\n\n\n<p>\u2013 Obi\u010dni teret, teret sa punim teretom prikolice (FTL), teret sa delimi\u010dnim teretom (LTL) i konsolidovani teret.<br>\u2013 Kontejnerski teret.<br>\u2013 Roba koja zahteva hla\u0111enje (hladnja\u010de).<br>\u2013 Opasan teret (ADR\/IMO), uklju\u010dujuci obradu sve pratece dokumentacije.<br>\u2013 Opasni teret koji zahteva hla\u0111enje, uklju\u010dujuci i obradu sve tra\u017eene i pratece dokumentacije.<br>\u2013 Ekspresna dostava, koja je kurirska usluga dostupna za male (kompaktne) terete do 15 kubnih metara.<\/p>\n\n\n\n<p>Vredan teret, koji obezbe\u0111uje oru\u017eanu bezbednosnu pratnju za transport tereta na teritoriji.<\/p>\n","protected":false},"excerpt":{"rendered":"<p>\u2013 Obi\u010dni teret, teret sa punim teretom prikolice (FTL), teret sa delimi\u010dnim teretom (LTL) i konsolidovani teret.\u2013 Kontejnerski teret.\u2013 Roba koja zahteva hla\u0111enje (hladnja\u010de).\u2013 Opasan teret (ADR\/IMO), uklju\u010dujuci obradu sve pratece dokumentacije.\u2013 Opasni teret koji zahteva hla\u0111enje, uklju\u010dujuci i obradu sve tra\u017eene i pratece dokumentacije.\u2013 Ekspresna dostava, koja je kurirska usluga dostupna za male (kompaktne) [&hellip;]<\/p>\n","protected":false},"author":1,"featured_media":0,"parent":11,"menu_order":0,"comment_status":"closed","ping_status":"closed","template":"","meta":{"footnotes":""},"class_list":["post-209","page","type-page","status-publish","hentry"],"_links":{"self":[{"href":"https:\/\/rlc.rs\/sr\/wp-json\/wp\/v2\/pages\/209","targetHints":{"allow":["GET"]}}],"collection":[{"href":"https:\/\/rlc.rs\/sr\/wp-json\/wp\/v2\/pages"}],"about":[{"href":"https:\/\/rlc.rs\/sr\/wp-json\/wp\/v2\/types\/page"}],"author":[{"embeddable":true,"href":"https:\/\/rlc.rs\/sr\/wp-json\/wp\/v2\/users\/1"}],"replies":[{"embeddable":true,"href":"https:\/\/rlc.rs\/sr\/wp-json\/wp\/v2\/comments?post=209"}],"version-history":[{"count":1,"href":"https:\/\/rlc.rs\/sr\/wp-json\/wp\/v2\/pages\/209\/revisions"}],"predecessor-version":[{"id":263,"href":"https:\/\/rlc.rs\/sr\/wp-json\/wp\/v2\/pages\/209\/revisions\/263"}],"up":[{"embeddable":true,"href":"https:\/\/rlc.rs\/sr\/wp-json\/wp\/v2\/pages\/11"}],"wp:attachment":[{"href":"https:\/\/rlc.rs\/sr\/wp-json\/wp\/v2\/media?parent=209"}],"curies":[{"name":"wp","href":"https:\/\/api.w.org\/{rel}","templated":true}]}}