{"id":213,"date":"2024-08-07T09:11:35","date_gmt":"2024-08-07T07:11:35","guid":{"rendered":"https:\/\/rlc.rs\/?page_id=213"},"modified":"2025-03-19T10:12:45","modified_gmt":"2025-03-19T09:12:45","slug":"avionski-transport","status":"publish","type":"page","link":"https:\/\/rlc.rs\/sr\/usluge\/avionski-transport\/","title":{"rendered":"Avionski Transport"},"content":{"rendered":"\n<div class=\"wp-block-group is-content-justification-center is-nowrap is-layout-flex wp-container-core-group-is-layout-23441af8 wp-block-group-is-layout-flex\">\n<figure class=\"wp-block-image size-full is-resized\"><img loading=\"lazy\" decoding=\"async\" width=\"1024\" height=\"1024\" src=\"https:\/\/rlc.rs\/wp-content\/uploads\/AirCargo.jpeg\" alt=\"AirCargo, AI-Gen,NoOwnership\" class=\"wp-image-201\" style=\"width:210px\" srcset=\"https:\/\/rlc.rs\/wp-content\/uploads\/AirCargo.jpeg 1024w, https:\/\/rlc.rs\/wp-content\/uploads\/AirCargo-300x300.jpeg 300w, https:\/\/rlc.rs\/wp-content\/uploads\/AirCargo-150x150.jpeg 150w, https:\/\/rlc.rs\/wp-content\/uploads\/AirCargo-768x768.jpeg 768w\" sizes=\"auto, (max-width: 1024px) 100vw, 1024px\" \/><\/figure>\n<\/div>\n\n\n\n<p>Prevoz tereta na direktnim letovima avio kargo kompanija koje su \u010dlanice IATA na svim rutama \u0161irom sveta.&nbsp;<\/p>\n\n\n\n<p class=\"has-custom-color-1-color has-text-color has-link-color wp-elements-d5e9bc1be8f19df887814e68abdd7ae7\"><strong>Prevoz opasnih materija (DGR):<\/strong><\/p>\n\n\n\n<p>Glavna prednost kojom se hvale avio kargo kompanije je njihova brzina. Pored toga, avioni nemaju ograni\u010denja, a tamo gde automobil ili voz ne mogu da idu, avion mo\u017ee da isporu\u010di teret.<\/p>\n\n\n\n<p>\u010carter let (pun ili delimi\u010dan teret):<\/p>\n\n\n\n<p>\u010carter avio prevoz je izuzetno dragocen u ovom dobu sve bli\u017eih me\u0111unarodnih ekonomskih odnosa. U situacijama kada postoji hitna potreba za otpremom tereta u te\u0161ko pristupa\u010dno podru\u010dje ili jednostavno zbog velike udaljenosti u zemljama ili drugom kontinentu, kargo \u010darter kompanije su nezamenljive.<\/p>\n\n\n\n<p class=\"has-custom-color-1-color has-text-color has-link-color wp-elements-79b477c7c0b2d0784a1a8d03da94327f\"><strong>Prolazak kroz carinu:<\/strong><\/p>\n\n\n\n<p>Me\u0111unarodna vazdu\u0161na \u0161pedicija mora biti ocarinjena, \u0161to se vr\u0161i carinskom deklaracijom i placanjem svih taksi i da\u017ebina.<\/p>\n\n\n\n<p class=\"has-custom-color-1-color has-text-color has-link-color wp-elements-311039cdcf5d3acf48a898ac3fbf3405\"><strong>AWB \u2013 Vazdu\u0161ni tovarni list u skladu sa propisima:<\/strong><\/p>\n\n\n\n<p>AWB je glavni dokument koji sadr\u017ei potrebne informacije o teretu koji se transportuje. AVB uvek prati teret koji predstavlja i slu\u017ei kao potvrda \u010dinjenice da se teret transportuje.<\/p>\n\n\n\n<p class=\"has-custom-color-1-color has-text-color has-link-color wp-elements-27ec307e73a8dc8e845ada82754bee93\"><\/p>\n\n\n\n<p>Direktan IATA saobracaj je dostupan za sve destinacije \u0161irom sveta, uklju\u010dujuci:<\/p>\n\n\n\n<p>\u2013 DRG po\u0161iljke,<br>\u2013 Direktni i delimi\u010dni \u010darter,<br>\u2013 Carinsku obradu,<br>\u2013 Izdavanje avio-tovarnog lista (AVB) u skladu sa va\u017eecim propisima<br><\/p>\n","protected":false},"excerpt":{"rendered":"<p>Prevoz tereta na direktnim letovima avio kargo kompanija koje su \u010dlanice IATA na svim rutama \u0161irom sveta.&nbsp; Prevoz opasnih materija (DGR): Glavna prednost kojom se hvale avio kargo kompanije je njihova brzina. Pored toga, avioni nemaju ograni\u010denja, a tamo gde automobil ili voz ne mogu da idu, avion mo\u017ee da isporu\u010di teret. \u010carter let (pun [&hellip;]<\/p>\n","protected":false},"author":1,"featured_media":0,"parent":11,"menu_order":0,"comment_status":"closed","ping_status":"closed","template":"","meta":{"footnotes":""},"class_list":["post-213","page","type-page","status-publish","hentry"],"_links":{"self":[{"href":"https:\/\/rlc.rs\/sr\/wp-json\/wp\/v2\/pages\/213","targetHints":{"allow":["GET"]}}],"collection":[{"href":"https:\/\/rlc.rs\/sr\/wp-json\/wp\/v2\/pages"}],"about":[{"href":"https:\/\/rlc.rs\/sr\/wp-json\/wp\/v2\/types\/page"}],"author":[{"embeddable":true,"href":"https:\/\/rlc.rs\/sr\/wp-json\/wp\/v2\/users\/1"}],"replies":[{"embeddable":true,"href":"https:\/\/rlc.rs\/sr\/wp-json\/wp\/v2\/comments?post=213"}],"version-history":[{"count":1,"href":"https:\/\/rlc.rs\/sr\/wp-json\/wp\/v2\/pages\/213\/revisions"}],"predecessor-version":[{"id":261,"href":"https:\/\/rlc.rs\/sr\/wp-json\/wp\/v2\/pages\/213\/revisions\/261"}],"up":[{"embeddable":true,"href":"https:\/\/rlc.rs\/sr\/wp-json\/wp\/v2\/pages\/11"}],"wp:attachment":[{"href":"https:\/\/rlc.rs\/sr\/wp-json\/wp\/v2\/media?parent=213"}],"curies":[{"name":"wp","href":"https:\/\/api.w.org\/{rel}","templated":true}]}}