{"id":215,"date":"2024-08-07T09:12:44","date_gmt":"2024-08-07T07:12:44","guid":{"rendered":"https:\/\/rlc.rs\/?page_id=215"},"modified":"2024-08-07T09:12:44","modified_gmt":"2024-08-07T07:12:44","slug":"transport-automobila","status":"publish","type":"page","link":"https:\/\/rlc.rs\/sr\/usluge\/transport-automobila\/","title":{"rendered":"Transport Automobila"},"content":{"rendered":"\n<div class=\"wp-block-group is-content-justification-center is-nowrap is-layout-flex wp-container-core-group-is-layout-23441af8 wp-block-group-is-layout-flex\">\n<figure class=\"wp-block-image size-full is-resized\"><img loading=\"lazy\" decoding=\"async\" width=\"1024\" height=\"1024\" src=\"https:\/\/rlc.rs\/wp-content\/uploads\/Car_Transportation.jpg\" alt=\"Car_Transportation ,AI-Gen,NoOwnership\" class=\"wp-image-169\" style=\"width:210px\" srcset=\"https:\/\/rlc.rs\/wp-content\/uploads\/Car_Transportation.jpg 1024w, https:\/\/rlc.rs\/wp-content\/uploads\/Car_Transportation-300x300.jpg 300w, https:\/\/rlc.rs\/wp-content\/uploads\/Car_Transportation-150x150.jpg 150w, https:\/\/rlc.rs\/wp-content\/uploads\/Car_Transportation-768x768.jpg 768w\" sizes=\"auto, (max-width: 1024px) 100vw, 1024px\" \/><\/figure>\n<\/div>\n\n\n\n<p>Slanje automobila kupljenih u EU u Srbiju je pouzdanije i bezbednije kada se vr\u0161i kori\u0161cenjem auto transportera. Ovaj na\u010din transporta poznat je po brzoj i pouzdanoj usluzi i po tome \u0161to nudi idealan odnos cene i kvaliteta. Za ekskluzivna i sportska vozila, pokriveni autotransporter je najbolja opcija.<\/p>\n\n\n\n<p>Ukoliko je po\u0161iljka hitna, na\u0161a agencija nudi uslugu transporta avionom u udaljene regione u celom svetu. Zna\u010dajan faktor u\u0161tede vremena je glavna prednost kori\u0161cenja vazdu\u0161nog tereta.<\/p>\n\n\n\n<p>Za transport vozila, ono se utovaruje u tovarni prostor, tovarni prostor ili tovarni deo i fiksira se na posebnu platformu koja spre\u010dava svako kretanje vozila pri poletanju i sletanju.<\/p>\n\n\n\n<p>Za VIP prevoz luksuznih vozila nudimo individualna re\u0161enja prilago\u0111ena va\u0161im zahtevima. Na\u0161e iskustvo i talenat nam omogucavaju da bezbedno i sa najvecom pa\u017enjom isporu\u010dimo va\u0161a vozila na odredi\u0161te.<\/p>\n","protected":false},"excerpt":{"rendered":"<p>Slanje automobila kupljenih u EU u Srbiju je pouzdanije i bezbednije kada se vr\u0161i kori\u0161cenjem auto transportera. Ovaj na\u010din transporta poznat je po brzoj i pouzdanoj usluzi i po tome \u0161to nudi idealan odnos cene i kvaliteta. Za ekskluzivna i sportska vozila, pokriveni autotransporter je najbolja opcija. Ukoliko je po\u0161iljka hitna, na\u0161a agencija nudi uslugu [&hellip;]<\/p>\n","protected":false},"author":1,"featured_media":0,"parent":11,"menu_order":0,"comment_status":"closed","ping_status":"closed","template":"","meta":{"footnotes":""},"class_list":["post-215","page","type-page","status-publish","hentry"],"_links":{"self":[{"href":"https:\/\/rlc.rs\/sr\/wp-json\/wp\/v2\/pages\/215","targetHints":{"allow":["GET"]}}],"collection":[{"href":"https:\/\/rlc.rs\/sr\/wp-json\/wp\/v2\/pages"}],"about":[{"href":"https:\/\/rlc.rs\/sr\/wp-json\/wp\/v2\/types\/page"}],"author":[{"embeddable":true,"href":"https:\/\/rlc.rs\/sr\/wp-json\/wp\/v2\/users\/1"}],"replies":[{"embeddable":true,"href":"https:\/\/rlc.rs\/sr\/wp-json\/wp\/v2\/comments?post=215"}],"version-history":[{"count":1,"href":"https:\/\/rlc.rs\/sr\/wp-json\/wp\/v2\/pages\/215\/revisions"}],"predecessor-version":[{"id":216,"href":"https:\/\/rlc.rs\/sr\/wp-json\/wp\/v2\/pages\/215\/revisions\/216"}],"up":[{"embeddable":true,"href":"https:\/\/rlc.rs\/sr\/wp-json\/wp\/v2\/pages\/11"}],"wp:attachment":[{"href":"https:\/\/rlc.rs\/sr\/wp-json\/wp\/v2\/media?parent=215"}],"curies":[{"name":"wp","href":"https:\/\/api.w.org\/{rel}","templated":true}]}}