{"id":219,"date":"2024-08-07T09:12:50","date_gmt":"2024-08-07T07:12:50","guid":{"rendered":"https:\/\/rlc.rs\/?page_id=219"},"modified":"2024-08-07T09:12:50","modified_gmt":"2024-08-07T07:12:50","slug":"transport-sa-temperaturnim-rezimom","status":"publish","type":"page","link":"https:\/\/rlc.rs\/sr\/usluge\/transport-sa-temperaturnim-rezimom\/","title":{"rendered":"Transport sa temperaturnim re\u017eimom"},"content":{"rendered":"\n<div class=\"wp-block-group is-content-justification-center is-nowrap is-layout-flex wp-container-core-group-is-layout-23441af8 wp-block-group-is-layout-flex\">\n<figure class=\"wp-block-image size-full is-resized\"><img loading=\"lazy\" decoding=\"async\" width=\"1024\" height=\"1024\" src=\"https:\/\/rlc.rs\/wp-content\/uploads\/Refrigerator.jpeg\" alt=\"Refrigerator, AI-Gen,NoOwnership\" class=\"wp-image-197\" style=\"width:210px\" srcset=\"https:\/\/rlc.rs\/wp-content\/uploads\/Refrigerator.jpeg 1024w, https:\/\/rlc.rs\/wp-content\/uploads\/Refrigerator-300x300.jpeg 300w, https:\/\/rlc.rs\/wp-content\/uploads\/Refrigerator-150x150.jpeg 150w, https:\/\/rlc.rs\/wp-content\/uploads\/Refrigerator-768x768.jpeg 768w\" sizes=\"auto, (max-width: 1024px) 100vw, 1024px\" \/><\/figure>\n<\/div>\n\n\n\n<p>Postoje odre\u0111ene vrste tereta koje zahtevaju odre\u0111ene temperature za transport. Takvi tereti uklju\u010duju konditorske proizvode, \u010dokoladu, voce, povrce, rashla\u0111ene morske plodove, mesne proizvode, smrznute proizvode, opasnu robu i hemikalije.&nbsp;<\/p>\n\n\n\n<p>Prevoz ovih tereta zahteva upotrebu specijalizovane opreme i vozila. RLC nudi kamione-hladnja\u010de opremljene tehnologijom regulacije temperature koja mo\u017ee da odr\u017eava i iznad i ispod nule temperature.<\/p>\n","protected":false},"excerpt":{"rendered":"<p>Postoje odre\u0111ene vrste tereta koje zahtevaju odre\u0111ene temperature za transport. Takvi tereti uklju\u010duju konditorske proizvode, \u010dokoladu, voce, povrce, rashla\u0111ene morske plodove, mesne proizvode, smrznute proizvode, opasnu robu i hemikalije.&nbsp; Prevoz ovih tereta zahteva upotrebu specijalizovane opreme i vozila. RLC nudi kamione-hladnja\u010de opremljene tehnologijom regulacije temperature koja mo\u017ee da odr\u017eava i iznad i ispod nule temperature.<\/p>\n","protected":false},"author":1,"featured_media":0,"parent":11,"menu_order":0,"comment_status":"closed","ping_status":"closed","template":"","meta":{"footnotes":""},"class_list":["post-219","page","type-page","status-publish","hentry"],"_links":{"self":[{"href":"https:\/\/rlc.rs\/sr\/wp-json\/wp\/v2\/pages\/219","targetHints":{"allow":["GET"]}}],"collection":[{"href":"https:\/\/rlc.rs\/sr\/wp-json\/wp\/v2\/pages"}],"about":[{"href":"https:\/\/rlc.rs\/sr\/wp-json\/wp\/v2\/types\/page"}],"author":[{"embeddable":true,"href":"https:\/\/rlc.rs\/sr\/wp-json\/wp\/v2\/users\/1"}],"replies":[{"embeddable":true,"href":"https:\/\/rlc.rs\/sr\/wp-json\/wp\/v2\/comments?post=219"}],"version-history":[{"count":1,"href":"https:\/\/rlc.rs\/sr\/wp-json\/wp\/v2\/pages\/219\/revisions"}],"predecessor-version":[{"id":220,"href":"https:\/\/rlc.rs\/sr\/wp-json\/wp\/v2\/pages\/219\/revisions\/220"}],"up":[{"embeddable":true,"href":"https:\/\/rlc.rs\/sr\/wp-json\/wp\/v2\/pages\/11"}],"wp:attachment":[{"href":"https:\/\/rlc.rs\/sr\/wp-json\/wp\/v2\/media?parent=219"}],"curies":[{"name":"wp","href":"https:\/\/api.w.org\/{rel}","templated":true}]}}