{"id":221,"date":"2024-08-07T09:12:09","date_gmt":"2024-08-07T07:12:09","guid":{"rendered":"https:\/\/rlc.rs\/?page_id=221"},"modified":"2025-03-19T10:14:07","modified_gmt":"2025-03-19T09:14:07","slug":"kurirske-usluge-sa-brzom-dostavom","status":"publish","type":"page","link":"https:\/\/rlc.rs\/sr\/usluge\/kurirske-usluge-sa-brzom-dostavom\/","title":{"rendered":"Kurirske usluge sa brzom dostavom"},"content":{"rendered":"\n<div class=\"wp-block-group is-content-justification-center is-nowrap is-layout-flex wp-container-core-group-is-layout-23441af8 wp-block-group-is-layout-flex\">\n<figure class=\"wp-block-image size-full is-resized\"><img loading=\"lazy\" decoding=\"async\" width=\"1024\" height=\"1024\" src=\"https:\/\/rlc.rs\/wp-content\/uploads\/Express.jpeg\" alt=\"Express Delivery, AI-Gen,NoOwnership\" class=\"wp-image-195\" style=\"width:210px\" srcset=\"https:\/\/rlc.rs\/wp-content\/uploads\/Express.jpeg 1024w, https:\/\/rlc.rs\/wp-content\/uploads\/Express-300x300.jpeg 300w, https:\/\/rlc.rs\/wp-content\/uploads\/Express-150x150.jpeg 150w, https:\/\/rlc.rs\/wp-content\/uploads\/Express-768x768.jpeg 768w\" sizes=\"auto, (max-width: 1024px) 100vw, 1024px\" \/><\/figure>\n<\/div>\n\n\n\n<p>U centralnu Evropu u roku od 24 sata, u isto\u010dnu Evropu u roku od 48 sati<\/p>\n\n\n\n<p>Kurirske usluge \u2013 brze, efikasne ekspresne po\u0161iljke do bilo koje destinacije u Evropi .<\/p>\n\n\n\n<p>RLC ima specijalna dispe\u010derska vozila za isporuku robe na bilo koju destinaciju u Evropi, uklju\u010dujuci i Balti\u010dke dr\u017eave. Ekspresne kurirske usluge su odli\u010dna alternativa (i \u010desto jeftinija) za slanje malih paketa ili vredne robe avionom.<\/p>\n\n\n\n<p>Ova usluga od vrata do vrata mo\u017ee tako\u0111e uklju\u010diti carinjenje, ako to klijent zahteva. Teret se istim vozilom prenosi sa aerodroma do krajnjeg odredi\u0161ta. Preduzece ima namenjena vozila za prevoz robe do 15 kubnih metara i maksimalne te\u017eine 1100 kg.<\/p>\n\n\n\n<p><\/p>\n\n\n\n<p class=\"has-contrast-3-color has-text-color has-link-color wp-elements-146222d9a08bb08e44d4cfac42918140\"><strong>Prednosti:<\/strong><\/p>\n\n\n\n<p>Finansijski isplativo \u2013 ekspresne kurirske usluge u unutra\u0161njosti \u010desto su jeftinije od avio transporta. Ova usluga je posebno vredna za volumetrijsku robu.<br>Bezbednije \u2013 Usluga se smatra bezbednijom nego prikolicom i omogucava prevoz vredne robe.<br>Br\u017ee \u2013 Vreme isporuke je bar jednako brzo kao i avionski teret, a za neke destinacije \u010dak i br\u017ee.<br>Efikasno \u2013 Kada se roba prikupi, isto odre\u0111eno vozilo je transportuje do kona\u010dnog odredi\u0161ta.<br>Fleksibilan \u2013 Mo\u017ee da transportuje teret do 180 cm visine.<br><\/p>\n","protected":false},"excerpt":{"rendered":"<p>U centralnu Evropu u roku od 24 sata, u isto\u010dnu Evropu u roku od 48 sati Kurirske usluge \u2013 brze, efikasne ekspresne po\u0161iljke do bilo koje destinacije u Evropi . RLC ima specijalna dispe\u010derska vozila za isporuku robe na bilo koju destinaciju u Evropi, uklju\u010dujuci i Balti\u010dke dr\u017eave. Ekspresne kurirske usluge su odli\u010dna alternativa (i [&hellip;]<\/p>\n","protected":false},"author":1,"featured_media":0,"parent":11,"menu_order":0,"comment_status":"closed","ping_status":"closed","template":"","meta":{"footnotes":""},"class_list":["post-221","page","type-page","status-publish","hentry"],"_links":{"self":[{"href":"https:\/\/rlc.rs\/sr\/wp-json\/wp\/v2\/pages\/221","targetHints":{"allow":["GET"]}}],"collection":[{"href":"https:\/\/rlc.rs\/sr\/wp-json\/wp\/v2\/pages"}],"about":[{"href":"https:\/\/rlc.rs\/sr\/wp-json\/wp\/v2\/types\/page"}],"author":[{"embeddable":true,"href":"https:\/\/rlc.rs\/sr\/wp-json\/wp\/v2\/users\/1"}],"replies":[{"embeddable":true,"href":"https:\/\/rlc.rs\/sr\/wp-json\/wp\/v2\/comments?post=221"}],"version-history":[{"count":1,"href":"https:\/\/rlc.rs\/sr\/wp-json\/wp\/v2\/pages\/221\/revisions"}],"predecessor-version":[{"id":264,"href":"https:\/\/rlc.rs\/sr\/wp-json\/wp\/v2\/pages\/221\/revisions\/264"}],"up":[{"embeddable":true,"href":"https:\/\/rlc.rs\/sr\/wp-json\/wp\/v2\/pages\/11"}],"wp:attachment":[{"href":"https:\/\/rlc.rs\/sr\/wp-json\/wp\/v2\/media?parent=221"}],"curies":[{"name":"wp","href":"https:\/\/api.w.org\/{rel}","templated":true}]}}