{"id":223,"date":"2024-08-07T09:12:36","date_gmt":"2024-08-07T07:12:36","guid":{"rendered":"https:\/\/rlc.rs\/?page_id=223"},"modified":"2025-03-19T10:24:32","modified_gmt":"2025-03-19T09:24:32","slug":"skladistenje","status":"publish","type":"page","link":"https:\/\/rlc.rs\/sr\/usluge\/skladistenje\/","title":{"rendered":"Skladi\u0161tenje"},"content":{"rendered":"\n<div class=\"wp-block-group is-content-justification-center is-nowrap is-layout-flex wp-container-core-group-is-layout-23441af8 wp-block-group-is-layout-flex\">\n<figure class=\"wp-block-image size-full is-resized\"><img loading=\"lazy\" decoding=\"async\" width=\"1024\" height=\"1024\" src=\"https:\/\/rlc.rs\/wp-content\/uploads\/WareHouse.jpg\" alt=\"WareHouse ,AI-Gen,NoOwnership\" class=\"wp-image-171\" style=\"width:210px\" srcset=\"https:\/\/rlc.rs\/wp-content\/uploads\/WareHouse.jpg 1024w, https:\/\/rlc.rs\/wp-content\/uploads\/WareHouse-300x300.jpg 300w, https:\/\/rlc.rs\/wp-content\/uploads\/WareHouse-150x150.jpg 150w, https:\/\/rlc.rs\/wp-content\/uploads\/WareHouse-768x768.jpg 768w\" sizes=\"auto, (max-width: 1024px) 100vw, 1024px\" \/><\/figure>\n<\/div>\n\n\n\n<p>Asortiman usluga koje pru\u017ea na\u0161a kompanija uklju\u010duje:<\/p>\n\n\n\n<p>\u2013 Privremeno skladi\u0161tenje tereta u depoima u Nema\u010dkoj, Italiji, Kini, Francuskoj i zemljama koje su daleko od na\u0161e granice .<br>\u2013 Usluge dugoro\u010dnog i kratkoro\u010dnog skladi\u0161tenja.<br>\u2013 Carinska skladi\u0161ta pri carinskim organima \u2013 skladi\u0161tenje robe do placanja poreza i carine, pri \u010demu rok i koli\u010dinu robe za carinjenje odre\u0111uje naru\u010dilac.<br>\u2013 Skladi\u0161tenje, inventarizacija, distribucija i isporuka robe po zahtevu klijenta.<br>\u2013 Objedinjavanje tereta (konsolidacija) \u2013 transport tereta iz raznih delova Evrope, pre nego \u0161to se otpremi na svoja kona\u010dna odredi\u0161ta.<br>\u2013 Klasifikacija tereta \u2013 prikupljanje robe, a zatim otprema na odgovaraju\u0107a krajnja odredi\u0161ta.<br>\u2013 Vaganje, obele\u017eavanje, savremene usluge pakovanja i sl. Logisti\u010dka re\u0161enja po meri klijenta.<\/p>\n","protected":false},"excerpt":{"rendered":"<p>Asortiman usluga koje pru\u017ea na\u0161a kompanija uklju\u010duje: \u2013 Privremeno skladi\u0161tenje tereta u depoima u Nema\u010dkoj, Italiji, Kini, Francuskoj i zemljama koje su daleko od na\u0161e granice .\u2013 Usluge dugoro\u010dnog i kratkoro\u010dnog skladi\u0161tenja.\u2013 Carinska skladi\u0161ta pri carinskim organima \u2013 skladi\u0161tenje robe do placanja poreza i carine, pri \u010demu rok i koli\u010dinu robe za carinjenje odre\u0111uje naru\u010dilac.\u2013 [&hellip;]<\/p>\n","protected":false},"author":1,"featured_media":0,"parent":11,"menu_order":0,"comment_status":"closed","ping_status":"closed","template":"","meta":{"footnotes":""},"class_list":["post-223","page","type-page","status-publish","hentry"],"_links":{"self":[{"href":"https:\/\/rlc.rs\/sr\/wp-json\/wp\/v2\/pages\/223","targetHints":{"allow":["GET"]}}],"collection":[{"href":"https:\/\/rlc.rs\/sr\/wp-json\/wp\/v2\/pages"}],"about":[{"href":"https:\/\/rlc.rs\/sr\/wp-json\/wp\/v2\/types\/page"}],"author":[{"embeddable":true,"href":"https:\/\/rlc.rs\/sr\/wp-json\/wp\/v2\/users\/1"}],"replies":[{"embeddable":true,"href":"https:\/\/rlc.rs\/sr\/wp-json\/wp\/v2\/comments?post=223"}],"version-history":[{"count":1,"href":"https:\/\/rlc.rs\/sr\/wp-json\/wp\/v2\/pages\/223\/revisions"}],"predecessor-version":[{"id":267,"href":"https:\/\/rlc.rs\/sr\/wp-json\/wp\/v2\/pages\/223\/revisions\/267"}],"up":[{"embeddable":true,"href":"https:\/\/rlc.rs\/sr\/wp-json\/wp\/v2\/pages\/11"}],"wp:attachment":[{"href":"https:\/\/rlc.rs\/sr\/wp-json\/wp\/v2\/media?parent=223"}],"curies":[{"name":"wp","href":"https:\/\/api.w.org\/{rel}","templated":true}]}}