{"id":225,"date":"2024-08-07T09:12:30","date_gmt":"2024-08-07T07:12:30","guid":{"rendered":"https:\/\/rlc.rs\/?page_id=225"},"modified":"2025-03-19T10:22:27","modified_gmt":"2025-03-19T09:22:27","slug":"osiguranje-i-carina","status":"publish","type":"page","link":"https:\/\/rlc.rs\/sr\/usluge\/osiguranje-i-carina\/","title":{"rendered":"Osiguranje i carina"},"content":{"rendered":"\n<div class=\"wp-block-group is-content-justification-center is-nowrap is-layout-flex wp-container-core-group-is-layout-23441af8 wp-block-group-is-layout-flex\">\n<figure class=\"wp-block-image size-full is-resized\"><img loading=\"lazy\" decoding=\"async\" width=\"1024\" height=\"1024\" src=\"https:\/\/rlc.rs\/wp-content\/uploads\/Paperwork.jpg\" alt=\"Paperwork,AI-Gen,NoOwnership\" class=\"wp-image-172\" style=\"width:210px\" srcset=\"https:\/\/rlc.rs\/wp-content\/uploads\/Paperwork.jpg 1024w, https:\/\/rlc.rs\/wp-content\/uploads\/Paperwork-300x300.jpg 300w, https:\/\/rlc.rs\/wp-content\/uploads\/Paperwork-150x150.jpg 150w, https:\/\/rlc.rs\/wp-content\/uploads\/Paperwork-768x768.jpg 768w\" sizes=\"auto, (max-width: 1024px) 100vw, 1024px\" \/><\/figure>\n<\/div>\n\n\n\n<p>Dok su carinske procedure u Evropi relativno jednostavne, to se ne mo\u017ee re\u0107i, koje mu\u010de brojni birokratski izazovi. Mnoga preduze\u0107a nisu u stanju da samostalno upravljaju slo\u017eeno\u0161\u0107u carinjenja u zemljama koje su daleko od na\u0161e granice, jer ovaj zadatak zahteva stru\u010dnost, znanje i profesionalnu pripremu.<\/p>\n\n\n\n<p>Na\u0161a kompanija nudi pouzdane i profesionalne usluge carinjenja u zemljama koje su daleko od na\u0161e granice, uklju\u010duju\u0107i carinsku obradu uvoznih i izvoznih tereta. Tako\u0111e pru\u017eamo pomo\u0107 pri popunjavanju carinskih deklaracija, sertifikata o poreklu i usagla\u0161enosti, kao i sve druge potrebne dokumentacije.<\/p>\n\n\n\n<p>Kopnena \u0161pedicija se vr\u0161i prema CMR konvenciji \u2013 me\u0111unarodnoj konvenciji koja reguli\u0161e \u0161pediciju drumskim \u2013 teretnim osiguranjem koje garantuje nadoknadu u slu\u010daju \u0161tete od osiguranja, o\u0161te\u0107enja robe u transportu, a sve u skladu sa navedenom konvencijom.<\/p>\n\n\n\n<p>Na zahtev klijenta roba se mo\u017ee osigurati na punu vrednost.<\/p>\n\n\n\n<p><\/p>\n","protected":false},"excerpt":{"rendered":"<p>Dok su carinske procedure u Evropi relativno jednostavne, to se ne mo\u017ee re\u0107i, koje mu\u010de brojni birokratski izazovi. Mnoga preduze\u0107a nisu u stanju da samostalno upravljaju slo\u017eeno\u0161\u0107u carinjenja u zemljama koje su daleko od na\u0161e granice, jer ovaj zadatak zahteva stru\u010dnost, znanje i profesionalnu pripremu. Na\u0161a kompanija nudi pouzdane i profesionalne usluge carinjenja u zemljama [&hellip;]<\/p>\n","protected":false},"author":1,"featured_media":0,"parent":11,"menu_order":0,"comment_status":"closed","ping_status":"closed","template":"","meta":{"footnotes":""},"class_list":["post-225","page","type-page","status-publish","hentry"],"_links":{"self":[{"href":"https:\/\/rlc.rs\/sr\/wp-json\/wp\/v2\/pages\/225","targetHints":{"allow":["GET"]}}],"collection":[{"href":"https:\/\/rlc.rs\/sr\/wp-json\/wp\/v2\/pages"}],"about":[{"href":"https:\/\/rlc.rs\/sr\/wp-json\/wp\/v2\/types\/page"}],"author":[{"embeddable":true,"href":"https:\/\/rlc.rs\/sr\/wp-json\/wp\/v2\/users\/1"}],"replies":[{"embeddable":true,"href":"https:\/\/rlc.rs\/sr\/wp-json\/wp\/v2\/comments?post=225"}],"version-history":[{"count":1,"href":"https:\/\/rlc.rs\/sr\/wp-json\/wp\/v2\/pages\/225\/revisions"}],"predecessor-version":[{"id":266,"href":"https:\/\/rlc.rs\/sr\/wp-json\/wp\/v2\/pages\/225\/revisions\/266"}],"up":[{"embeddable":true,"href":"https:\/\/rlc.rs\/sr\/wp-json\/wp\/v2\/pages\/11"}],"wp:attachment":[{"href":"https:\/\/rlc.rs\/sr\/wp-json\/wp\/v2\/media?parent=225"}],"curies":[{"name":"wp","href":"https:\/\/api.w.org\/{rel}","templated":true}]}}