{"id":90,"date":"2024-04-30T20:44:59","date_gmt":"2024-04-30T20:44:59","guid":{"rendered":"https:\/\/rlc.rs\/?page_id=90"},"modified":"2024-05-01T20:24:00","modified_gmt":"2024-05-01T18:24:00","slug":"pocetna","status":"publish","type":"page","link":"https:\/\/rlc.rs\/sr\/","title":{"rendered":"Po\u010detna"},"content":{"rendered":"\n<p class=\"has-custom-color-1-color has-text-color has-link-color has-large-font-size wp-elements-05aa1e73c8956a1bd6beedc32cfc9caf\"><strong>Transport i logistika, \u0160irom sveta.<\/strong><\/p>\n\n\n\n<p>Sa na\u0161om najsavremenijom tehnologijom i posve\u0107enim timom stru\u010dnjaka, ispuni\u0107emo sva va\u0161a o\u010dekivanja, bez obzira na veli\u010dinu ili obim va\u0161ih potreba.<\/p>\n\n\n\n<p class=\"has-custom-color-1-color has-text-color has-link-color wp-elements-940d3f8641b914b05473d8fc7514391a\"><strong>Kopneni transport i Logistika<\/strong><\/p>\n\n\n\n<p>Pru\u017eamo usluge kopnene \u0161pedicije za sve vrste tereta.<\/p>\n\n\n\n<p class=\"has-custom-color-1-color has-text-color has-link-color wp-elements-751a5cdc1cf1ad7cae80443231ece2f6\"><strong>Avionski i morski transport<\/strong><\/p>\n\n\n\n<p>Direktni IATA saobra\u0107aj ka svim svetskim destinacijama<\/p>\n\n\n\n<p class=\"has-custom-color-1-color has-text-color has-link-color wp-elements-ca4e6270f4cd82678d0bb75565a90794\"><strong>Skladi\u0161tenje i \u010duvanje robe<\/strong><\/p>\n\n\n\n<p>Neka va\u0161a roba uvek bude na sigurnom, na kratko ili dugo.<\/p>\n\n\n\n<p class=\"has-custom-color-1-color has-text-color has-link-color wp-elements-30237adbc9a1ef357d55d6afa39276b0\"><strong>Carina i osiguranje robe<\/strong><\/p>\n\n\n\n<p>Ocarinite i osigurajte va\u0161u robu u punoj vrednosti.<\/p>\n\n\n\n<p class=\"has-custom-color-1-color has-text-color has-link-color wp-elements-85eee54429b102677c5653bbf0813d8f\"><strong>Ko smo mi?<\/strong><\/p>\n\n\n\n<p id=\"tw-target-rmn\">Kompanija RLC je jedna od vode\u0107ih logisti\u010dkih kompanija u regionu.<\/p>\n\n\n\n<p>Na\u0161 tim se sastoji od iskusnih profesionalaca koji su strastveni u vezi sa logistikom i posve\u0107eni pru\u017eanju najvi\u0161eg nivoa usluge klijentima. Razumemo jedinstvene izazove transporta robe preko razli\u010ditih granica i kontinenata, i imamo znanje i ve\u0161tine da upravljamo slo\u017eenim propisima i procedurama kako bismo obezbedili isporuku na vreme i bez problema.<\/p>\n\n\n\n<p>Nudimo \u0161irok spektar logisti\u010dkih usluga, uklju\u010duju\u0107i vazdu\u0161ni transport, pomorski transport, drumski transport, skladi\u0161tenje, carinjenje i jo\u0161 mnogo toga. Bilo da \u017eelite da prevezete male pakete ili veliki teret, imamo pravo re\u0161enje za vas. A sa na\u0161om \u0161irokom mre\u017eom partnera i agenata \u0161irom sveta, mo\u017eemo da odgovorimo na va\u0161e logisti\u010dke potrebe bilo gde i bilo kada.<\/p>\n\n\n\n<p><\/p>\n","protected":false},"excerpt":{"rendered":"<p>Transport i logistika, \u0160irom sveta. Sa na\u0161om najsavremenijom tehnologijom i posve\u0107enim timom stru\u010dnjaka, ispuni\u0107emo sva va\u0161a o\u010dekivanja, bez obzira na veli\u010dinu ili obim va\u0161ih potreba. Kopneni transport i Logistika Pru\u017eamo usluge kopnene \u0161pedicije za sve vrste tereta. Avionski i morski transport Direktni IATA saobra\u0107aj ka svim svetskim destinacijama Skladi\u0161tenje i \u010duvanje robe Neka va\u0161a roba [&hellip;]<\/p>\n","protected":false},"author":1,"featured_media":0,"parent":0,"menu_order":-1,"comment_status":"closed","ping_status":"closed","template":"page-no-title","meta":{"footnotes":""},"class_list":["post-90","page","type-page","status-publish","hentry"],"_links":{"self":[{"href":"https:\/\/rlc.rs\/sr\/wp-json\/wp\/v2\/pages\/90","targetHints":{"allow":["GET"]}}],"collection":[{"href":"https:\/\/rlc.rs\/sr\/wp-json\/wp\/v2\/pages"}],"about":[{"href":"https:\/\/rlc.rs\/sr\/wp-json\/wp\/v2\/types\/page"}],"author":[{"embeddable":true,"href":"https:\/\/rlc.rs\/sr\/wp-json\/wp\/v2\/users\/1"}],"replies":[{"embeddable":true,"href":"https:\/\/rlc.rs\/sr\/wp-json\/wp\/v2\/comments?post=90"}],"version-history":[{"count":2,"href":"https:\/\/rlc.rs\/sr\/wp-json\/wp\/v2\/pages\/90\/revisions"}],"predecessor-version":[{"id":139,"href":"https:\/\/rlc.rs\/sr\/wp-json\/wp\/v2\/pages\/90\/revisions\/139"}],"wp:attachment":[{"href":"https:\/\/rlc.rs\/sr\/wp-json\/wp\/v2\/media?parent=90"}],"curies":[{"name":"wp","href":"https:\/\/api.w.org\/{rel}","templated":true}]}}